{"id":21,"date":"2017-07-23T15:55:27","date_gmt":"2017-07-23T15:55:27","guid":{"rendered":"http:\/\/caravanbigband.de\/?page_id=21"},"modified":"2026-03-31T17:36:36","modified_gmt":"2026-03-31T16:36:36","slug":"startseite","status":"publish","type":"page","link":"https:\/\/caravanbigband.de\/","title":{"rendered":"Startseite"},"content":{"rendered":"<h1 style=\"text-align: center;\"><span style=\"color: #f46b00;\">R\u00fcckblick | Jahreskonzert | 14.03.2026 |\u00a0<\/span><\/h1>\n<p style=\"text-align: right;\"><div class='content-column full_width'><div style=\"padding-right:0px;padding-left:0px;\"><div class='content-column full_width'><\/div>\n<div id=\"attachment_2998\" style=\"width: 310px\" class=\"wp-caption alignnone\"><img data-recalc-dims=\"1\" loading=\"lazy\" decoding=\"async\" aria-describedby=\"caption-attachment-2998\" class=\"size-medium wp-image-2998\" src=\"https:\/\/i0.wp.com\/caravanbigband.de\/wp-content\/uploads\/2026\/03\/Andreas-Fuchs-New-York-New-York-Frank-Sinatra.jpg?resize=300%2C200&#038;ssl=1\" alt=\"Andreas Fuchs - New York, New York (Frank Sinatra)\" width=\"300\" height=\"200\" srcset=\"https:\/\/i0.wp.com\/caravanbigband.de\/wp-content\/uploads\/2026\/03\/Andreas-Fuchs-New-York-New-York-Frank-Sinatra.jpg?resize=300%2C200&amp;ssl=1 300w, https:\/\/i0.wp.com\/caravanbigband.de\/wp-content\/uploads\/2026\/03\/Andreas-Fuchs-New-York-New-York-Frank-Sinatra.jpg?resize=1024%2C683&amp;ssl=1 1024w, https:\/\/i0.wp.com\/caravanbigband.de\/wp-content\/uploads\/2026\/03\/Andreas-Fuchs-New-York-New-York-Frank-Sinatra.jpg?resize=150%2C100&amp;ssl=1 150w, https:\/\/i0.wp.com\/caravanbigband.de\/wp-content\/uploads\/2026\/03\/Andreas-Fuchs-New-York-New-York-Frank-Sinatra.jpg?resize=768%2C512&amp;ssl=1 768w, https:\/\/i0.wp.com\/caravanbigband.de\/wp-content\/uploads\/2026\/03\/Andreas-Fuchs-New-York-New-York-Frank-Sinatra.jpg?resize=1536%2C1024&amp;ssl=1 1536w, https:\/\/i0.wp.com\/caravanbigband.de\/wp-content\/uploads\/2026\/03\/Andreas-Fuchs-New-York-New-York-Frank-Sinatra.jpg?resize=800%2C533&amp;ssl=1 800w, https:\/\/i0.wp.com\/caravanbigband.de\/wp-content\/uploads\/2026\/03\/Andreas-Fuchs-New-York-New-York-Frank-Sinatra.jpg?w=2048&amp;ssl=1 2048w\" sizes=\"auto, (max-width: 300px) 100vw, 300px\" \/><p id=\"caption-attachment-2998\" class=\"wp-caption-text\">Andreas Fuchs &#8211; New York, New York (Frank Sinatra)<\/p><\/div>\n<p>Unser vergangenes Jahreskonzert war wieder ein wunderbarer Abend. Mit &#8222;Caravan Favorites&#8220; haben wir all jenen Titeln gehuldigt, die wir getrost zu unseren Lieblingsst\u00fccken z\u00e4hlen k\u00f6nnen. Seien es die legend\u00e4ren Jazzhits &#8222;Birdland&#8220; oder Ellingtons &#8222;Caravan&#8220; oder moderne Kompositionen von Snarky Puppy &#8211; f\u00fcr jeden war etwas dabei.<\/p>\n<p>Klickt Euch gerne durch unsere Bildergalerie.<\/p>\n<h1 style=\"text-align: center;\"><span style=\"color: #f46b00;\">H\u00f6chster Kerb | 24.05.2026\u00a0<\/span><\/h1>\n<p style=\"text-align: right;\">\u00a0<\/p>\n<p>Der Pfingstsonntag geh\u00f6rt in diesem Jahr wieder unseren Freunden aus Gelnhausen H\u00f6chst. Ab 19:00 hei\u00dft es vor dem DGH wieder: Party mit der Caravan Big Band!<\/p>\n<p>Kommt vorbei und tanzt mit uns!<\/p>\n<p><span style=\"font-size: revert;\">Wir sind mittlerweile auch auf Instagram zu finden. Dort nehmen wir Euch mit hinter die Kulissen.<br \/>Einfach hier \u00a0<a href=\"https:\/\/instagram.com\/caravanbigband?igshid=YmMyMTA2M2Y=\" target=\"_blank\" rel=\"noopener\"><img data-recalc-dims=\"1\" loading=\"lazy\" decoding=\"async\" class=\"alignnone wp-image-2570\" src=\"https:\/\/i0.wp.com\/caravanbigband.de\/wp-content\/uploads\/2024\/01\/Instagram-Logo-PNG_klein.png?resize=25%2C25&#038;ssl=1\" alt=\"\" width=\"25\" height=\"25\" \/><\/a> oder unten auf den Instagram-Button klicken und schon geht&#8217;s los.<\/span><\/p>\n<div class='content-column full_width'><\/div>\n<div class='content-column full_width'><div style=\"padding-right:0px;padding-left:0px;\"><\/div><\/div><\/div><\/div>\n<div class=\"mceTemp\">\u00a0<\/div>\n\n","protected":false},"excerpt":{"rendered":"<p>R\u00fcckblick | Jahreskonzert | 14.03.2026 |\u00a0 \u00a0<\/p>\n","protected":false},"author":2,"featured_media":0,"parent":0,"menu_order":0,"comment_status":"closed","ping_status":"closed","template":"","meta":{"footnotes":""},"class_list":["post-21","page","type-page","status-publish","hentry"],"yoast_head":"<!-- This site is optimized with the Yoast SEO plugin v27.1.1 - https:\/\/yoast.com\/product\/yoast-seo-wordpress\/ -->\n<title>Startseite - Caravan Big Band Sinatra and friends<\/title>\n<meta name=\"description\" content=\"Caravan Big Band plays Sinatra and friends\" \/>\n<meta name=\"robots\" content=\"index, follow, max-snippet:-1, max-image-preview:large, max-video-preview:-1\" \/>\n<link rel=\"canonical\" href=\"https:\/\/caravanbigband.de\/\" \/>\n<meta property=\"og:locale\" content=\"de_DE\" \/>\n<meta property=\"og:type\" content=\"article\" \/>\n<meta property=\"og:title\" content=\"Summernight in the park\" \/>\n<meta property=\"og:description\" content=\"Nach \u00fcber einem Jahr Corona-Zwangspause ist es endlich wieder soweit: wir spielen wieder live und vor Publikum!Unter dem Titel \u201cSummernight in the park\u201d pr\u00e4sentieren wir am 11.09.2021 um 20:00 Uhr im Bad Orber Kurpark ein bunt gemischtes Jazzkonzert. Neben St\u00fccken von Peter Herbolzheimer, Frank Sinatra oder Aretha Franklin geben wir nat\u00fcrlich auch einige St\u00fccke aus unserem erfolgreichen James Last Konzert im vergangenen Jahr zum Besten.Tickets f\u00fcr das Konzert k\u00f6nnen zu einem Preis von 15 \u20ac (erm\u00e4\u00dfigt 12 \u20ac) an der Abendkasse erworben werden.Wir bitten alle Konzertbesucher am Einlass einen 3G-Nachweis (getestet, genesen, geimpft) bereitzuhalten, da dies die aktuellen Corona-Hygieneregeln verlangen.Bei schlechtem Wetter behalten wir uns vor, das Konzert in den Gartensaal zu verlegen.\" \/>\n<meta property=\"og:url\" content=\"https:\/\/caravanbigband.de\/\" \/>\n<meta property=\"og:site_name\" content=\"Caravan Big Band\" \/>\n<meta property=\"article:publisher\" content=\"https:\/\/facebook.com\/155537431172416\" \/>\n<meta property=\"article:modified_time\" content=\"2026-03-31T16:36:36+00:00\" \/>\n<meta property=\"og:image\" content=\"https:\/\/caravanbigband.de\/wp-content\/uploads\/2026\/03\/Andreas-Fuchs-New-York-New-York-Frank-Sinatra-300x200.jpg\" \/>\n<meta name=\"twitter:card\" content=\"summary_large_image\" \/>\n<meta name=\"twitter:label1\" content=\"Gesch\u00e4tzte Lesezeit\" \/>\n\t<meta name=\"twitter:data1\" content=\"2\u00a0Minuten\" \/>\n<script type=\"application\/ld+json\" class=\"yoast-schema-graph\">{\"@context\":\"https:\/\/schema.org\",\"@graph\":[{\"@type\":\"WebPage\",\"@id\":\"https:\/\/caravanbigband.de\/\",\"url\":\"https:\/\/caravanbigband.de\/\",\"name\":\"Startseite - Caravan Big Band Sinatra and friends\",\"isPartOf\":{\"@id\":\"https:\/\/caravanbigband.de\/#website\"},\"primaryImageOfPage\":{\"@id\":\"https:\/\/caravanbigband.de\/#primaryimage\"},\"image\":{\"@id\":\"https:\/\/caravanbigband.de\/#primaryimage\"},\"thumbnailUrl\":\"https:\/\/caravanbigband.de\/wp-content\/uploads\/2026\/03\/Andreas-Fuchs-New-York-New-York-Frank-Sinatra-300x200.jpg\",\"datePublished\":\"2017-07-23T15:55:27+00:00\",\"dateModified\":\"2026-03-31T16:36:36+00:00\",\"description\":\"Caravan Big Band plays Sinatra and friends\",\"breadcrumb\":{\"@id\":\"https:\/\/caravanbigband.de\/#breadcrumb\"},\"inLanguage\":\"de\",\"potentialAction\":[{\"@type\":\"ReadAction\",\"target\":[\"https:\/\/caravanbigband.de\/\"]}]},{\"@type\":\"ImageObject\",\"inLanguage\":\"de\",\"@id\":\"https:\/\/caravanbigband.de\/#primaryimage\",\"url\":\"https:\/\/i0.wp.com\/caravanbigband.de\/wp-content\/uploads\/2026\/03\/Andreas-Fuchs-New-York-New-York-Frank-Sinatra.jpg?fit=2048%2C1365&ssl=1\",\"contentUrl\":\"https:\/\/i0.wp.com\/caravanbigband.de\/wp-content\/uploads\/2026\/03\/Andreas-Fuchs-New-York-New-York-Frank-Sinatra.jpg?fit=2048%2C1365&ssl=1\",\"width\":2048,\"height\":1365,\"caption\":\"Andreas Fuchs - New York, New York (Frank Sinatra)\"},{\"@type\":\"BreadcrumbList\",\"@id\":\"https:\/\/caravanbigband.de\/#breadcrumb\",\"itemListElement\":[{\"@type\":\"ListItem\",\"position\":1,\"name\":\"Startseite\",\"item\":\"https:\/\/caravanbigband.de\/\"},{\"@type\":\"ListItem\",\"position\":2,\"name\":\"Startseite\"}]},{\"@type\":\"WebSite\",\"@id\":\"https:\/\/caravanbigband.de\/#website\",\"url\":\"https:\/\/caravanbigband.de\/\",\"name\":\"Caravan Big Band\",\"description\":\"Caravan Big Band Schl\u00fcchtern Jazz Swing Funk Blues\",\"publisher\":{\"@id\":\"https:\/\/caravanbigband.de\/#organization\"},\"potentialAction\":[{\"@type\":\"SearchAction\",\"target\":{\"@type\":\"EntryPoint\",\"urlTemplate\":\"https:\/\/caravanbigband.de\/?s={search_term_string}\"},\"query-input\":{\"@type\":\"PropertyValueSpecification\",\"valueRequired\":true,\"valueName\":\"search_term_string\"}}],\"inLanguage\":\"de\"},{\"@type\":\"Organization\",\"@id\":\"https:\/\/caravanbigband.de\/#organization\",\"name\":\"Caravan Big Band\",\"url\":\"https:\/\/caravanbigband.de\/\",\"logo\":{\"@type\":\"ImageObject\",\"inLanguage\":\"de\",\"@id\":\"https:\/\/caravanbigband.de\/#\/schema\/logo\/image\/\",\"url\":\"https:\/\/i0.wp.com\/caravanbigband.de\/wp-content\/uploads\/2017\/12\/logo-schwarz-transparent-ohne-Rahmen.png?fit=1600%2C900&ssl=1\",\"contentUrl\":\"https:\/\/i0.wp.com\/caravanbigband.de\/wp-content\/uploads\/2017\/12\/logo-schwarz-transparent-ohne-Rahmen.png?fit=1600%2C900&ssl=1\",\"width\":1600,\"height\":900,\"caption\":\"Caravan Big Band\"},\"image\":{\"@id\":\"https:\/\/caravanbigband.de\/#\/schema\/logo\/image\/\"},\"sameAs\":[\"https:\/\/facebook.com\/155537431172416\",\"https:\/\/www.youtube.com\/watch?list=PLoD8i9-YWP0UGZJNZnyNEAsArw-JlVWn-&amp;amp;amp;amp;amp;amp;v=AVm3JTbqv1E\",\"https:\/\/www.instagram.com\/caravanbigband\/\"]}]}<\/script>\n<!-- \/ Yoast SEO plugin. -->","yoast_head_json":{"title":"Startseite - Caravan Big Band Sinatra and friends","description":"Caravan Big Band plays Sinatra and friends","robots":{"index":"index","follow":"follow","max-snippet":"max-snippet:-1","max-image-preview":"max-image-preview:large","max-video-preview":"max-video-preview:-1"},"canonical":"https:\/\/caravanbigband.de\/","og_locale":"de_DE","og_type":"article","og_title":"Summernight in the park","og_description":"Nach \u00fcber einem Jahr Corona-Zwangspause ist es endlich wieder soweit: wir spielen wieder live und vor Publikum!Unter dem Titel \u201cSummernight in the park\u201d pr\u00e4sentieren wir am 11.09.2021 um 20:00 Uhr im Bad Orber Kurpark ein bunt gemischtes Jazzkonzert. Neben St\u00fccken von Peter Herbolzheimer, Frank Sinatra oder Aretha Franklin geben wir nat\u00fcrlich auch einige St\u00fccke aus unserem erfolgreichen James Last Konzert im vergangenen Jahr zum Besten.Tickets f\u00fcr das Konzert k\u00f6nnen zu einem Preis von 15 \u20ac (erm\u00e4\u00dfigt 12 \u20ac) an der Abendkasse erworben werden.Wir bitten alle Konzertbesucher am Einlass einen 3G-Nachweis (getestet, genesen, geimpft) bereitzuhalten, da dies die aktuellen Corona-Hygieneregeln verlangen.Bei schlechtem Wetter behalten wir uns vor, das Konzert in den Gartensaal zu verlegen.","og_url":"https:\/\/caravanbigband.de\/","og_site_name":"Caravan Big Band","article_publisher":"https:\/\/facebook.com\/155537431172416","article_modified_time":"2026-03-31T16:36:36+00:00","og_image":[{"url":"https:\/\/caravanbigband.de\/wp-content\/uploads\/2026\/03\/Andreas-Fuchs-New-York-New-York-Frank-Sinatra-300x200.jpg","type":"","width":"","height":""}],"twitter_card":"summary_large_image","twitter_misc":{"Gesch\u00e4tzte Lesezeit":"2\u00a0Minuten"},"schema":{"@context":"https:\/\/schema.org","@graph":[{"@type":"WebPage","@id":"https:\/\/caravanbigband.de\/","url":"https:\/\/caravanbigband.de\/","name":"Startseite - Caravan Big Band Sinatra and friends","isPartOf":{"@id":"https:\/\/caravanbigband.de\/#website"},"primaryImageOfPage":{"@id":"https:\/\/caravanbigband.de\/#primaryimage"},"image":{"@id":"https:\/\/caravanbigband.de\/#primaryimage"},"thumbnailUrl":"https:\/\/caravanbigband.de\/wp-content\/uploads\/2026\/03\/Andreas-Fuchs-New-York-New-York-Frank-Sinatra-300x200.jpg","datePublished":"2017-07-23T15:55:27+00:00","dateModified":"2026-03-31T16:36:36+00:00","description":"Caravan Big Band plays Sinatra and friends","breadcrumb":{"@id":"https:\/\/caravanbigband.de\/#breadcrumb"},"inLanguage":"de","potentialAction":[{"@type":"ReadAction","target":["https:\/\/caravanbigband.de\/"]}]},{"@type":"ImageObject","inLanguage":"de","@id":"https:\/\/caravanbigband.de\/#primaryimage","url":"https:\/\/i0.wp.com\/caravanbigband.de\/wp-content\/uploads\/2026\/03\/Andreas-Fuchs-New-York-New-York-Frank-Sinatra.jpg?fit=2048%2C1365&ssl=1","contentUrl":"https:\/\/i0.wp.com\/caravanbigband.de\/wp-content\/uploads\/2026\/03\/Andreas-Fuchs-New-York-New-York-Frank-Sinatra.jpg?fit=2048%2C1365&ssl=1","width":2048,"height":1365,"caption":"Andreas Fuchs - New York, New York (Frank Sinatra)"},{"@type":"BreadcrumbList","@id":"https:\/\/caravanbigband.de\/#breadcrumb","itemListElement":[{"@type":"ListItem","position":1,"name":"Startseite","item":"https:\/\/caravanbigband.de\/"},{"@type":"ListItem","position":2,"name":"Startseite"}]},{"@type":"WebSite","@id":"https:\/\/caravanbigband.de\/#website","url":"https:\/\/caravanbigband.de\/","name":"Caravan Big Band","description":"Caravan Big Band Schl\u00fcchtern Jazz Swing Funk Blues","publisher":{"@id":"https:\/\/caravanbigband.de\/#organization"},"potentialAction":[{"@type":"SearchAction","target":{"@type":"EntryPoint","urlTemplate":"https:\/\/caravanbigband.de\/?s={search_term_string}"},"query-input":{"@type":"PropertyValueSpecification","valueRequired":true,"valueName":"search_term_string"}}],"inLanguage":"de"},{"@type":"Organization","@id":"https:\/\/caravanbigband.de\/#organization","name":"Caravan Big Band","url":"https:\/\/caravanbigband.de\/","logo":{"@type":"ImageObject","inLanguage":"de","@id":"https:\/\/caravanbigband.de\/#\/schema\/logo\/image\/","url":"https:\/\/i0.wp.com\/caravanbigband.de\/wp-content\/uploads\/2017\/12\/logo-schwarz-transparent-ohne-Rahmen.png?fit=1600%2C900&ssl=1","contentUrl":"https:\/\/i0.wp.com\/caravanbigband.de\/wp-content\/uploads\/2017\/12\/logo-schwarz-transparent-ohne-Rahmen.png?fit=1600%2C900&ssl=1","width":1600,"height":900,"caption":"Caravan Big Band"},"image":{"@id":"https:\/\/caravanbigband.de\/#\/schema\/logo\/image\/"},"sameAs":["https:\/\/facebook.com\/155537431172416","https:\/\/www.youtube.com\/watch?list=PLoD8i9-YWP0UGZJNZnyNEAsArw-JlVWn-&amp;amp;amp;amp;amp;amp;v=AVm3JTbqv1E","https:\/\/www.instagram.com\/caravanbigband\/"]}]}},"jetpack_sharing_enabled":true,"_links":{"self":[{"href":"https:\/\/caravanbigband.de\/index.php\/wp-json\/wp\/v2\/pages\/21","targetHints":{"allow":["GET"]}}],"collection":[{"href":"https:\/\/caravanbigband.de\/index.php\/wp-json\/wp\/v2\/pages"}],"about":[{"href":"https:\/\/caravanbigband.de\/index.php\/wp-json\/wp\/v2\/types\/page"}],"author":[{"embeddable":true,"href":"https:\/\/caravanbigband.de\/index.php\/wp-json\/wp\/v2\/users\/2"}],"replies":[{"embeddable":true,"href":"https:\/\/caravanbigband.de\/index.php\/wp-json\/wp\/v2\/comments?post=21"}],"version-history":[{"count":269,"href":"https:\/\/caravanbigband.de\/index.php\/wp-json\/wp\/v2\/pages\/21\/revisions"}],"predecessor-version":[{"id":3014,"href":"https:\/\/caravanbigband.de\/index.php\/wp-json\/wp\/v2\/pages\/21\/revisions\/3014"}],"wp:attachment":[{"href":"https:\/\/caravanbigband.de\/index.php\/wp-json\/wp\/v2\/media?parent=21"}],"curies":[{"name":"wp","href":"https:\/\/api.w.org\/{rel}","templated":true}]}}