{"id":42,"date":"2017-07-24T16:26:54","date_gmt":"2017-07-24T16:26:54","guid":{"rendered":"http:\/\/caravanbigband.de\/?page_id=42"},"modified":"2021-09-03T19:56:12","modified_gmt":"2021-09-03T18:56:12","slug":"impressum","status":"publish","type":"page","link":"https:\/\/caravanbigband.de\/index.php\/impressum\/","title":{"rendered":"Impressum &#038; Datenschutz"},"content":{"rendered":"<h1><b>Impressum<\/b><\/h1>\n<p><b><br \/>\n<\/b><b>Angaben gem\u00e4\u00df \u00a7 5 TMG:\u00a0<\/b><\/p>\n<p>Caravan Big Band e. V., Steinhaagweg 24a, 36381 Schl\u00fcchtern<\/p>\n<p><b>Vertreten durch:\u00a0<\/b><\/p>\n<p>Vertretungsberechtigter Vorstand:<br \/>\nManuel Schwade (1. Vorsitzender)<br \/>\nSebastian Schwade (2. Vorsitzender)<br \/>\nDavid Engel (Schriftf\u00fchrer)<br \/>\nAlexander Ho\u00dffeld (Kassierer)<br \/>\nFranz-Josef Schwade (Musikalischer Leiter)<\/p>\n<p><b>Kontakt:\u00a0<\/b><\/p>\n<p>E-Mail: <a href=\"mailto:info@caravanbigband.de\">info@caravanbigband.de<\/a><\/p>\n<p><b>Registereintrag:\u00a0<\/b><\/p>\n<p>Eintragung im Vereinsregister. Registergericht: Amtsgericht Hanau Registernummer: VR 2531<\/p>\n<p><b>Umsatzsteuer:\u00a0<\/b><\/p>\n<p>Umsatzsteuer-Identifikationsnummer gem\u00e4\u00df \u00a727 a Umsatzsteuergesetz: 1925000704<\/p>\n<p><b>Haftung f\u00fcr Inhalte\u00a0<\/b><\/p>\n<p>Als Diensteanbieter sind wir gem\u00e4\u00df \u00a7 7 Abs.1 TMG f\u00fcr eigene Inhalte auf diesen Seiten nach den allgemeinen Gesetzen verantwortlich. Nach \u00a7\u00a7 8 bis 10 TMG sind wir als Diensteanbieter jedoch nicht verpflichtet, \u00fcbermittelte oder gespeicherte fremde Informationen zu \u00fcberwachen oder nach Umst\u00e4nden zu forschen, die auf eine rechtswidrige T\u00e4tigkeit hinweisen.<\/p>\n<p>Verpflichtungen zur Entfernung oder Sperrung der Nutzung von Informationen nach den allgemeinen Gesetzen bleiben hiervon unber\u00fchrt. Eine diesbez\u00fcgliche Haftung ist jedoch erst ab dem Zeitpunkt der Kenntnis einer konkreten Rechtsverletzung m\u00f6glich. Bei Bekanntwerden von entsprechenden Rechtsverletzungen werden wir diese Inhalte umgehend entfernen.<\/p>\n<p><b>Haftung f\u00fcr Links\u00a0<\/b><\/p>\n<p>Unser Angebot enth\u00e4lt Links zu externen Webseiten Dritter, auf deren Inhalte wir keinen Einfluss haben. Deshalb k\u00f6nnen wir f\u00fcr diese fremden Inhalte auch keine Gew\u00e4hr \u00fcbernehmen. F\u00fcr die Inhalte der verlinkten Seiten ist stets der jeweilige Anbieter oder Betreiber der Seiten verantwortlich. Die verlinkten Seiten wurden zum Zeitpunkt der Verlinkung auf m\u00f6gliche Rechtsverst\u00f6\u00dfe \u00fcberpr\u00fcft. Rechtswidrige Inhalte waren zum Zeitpunkt der Verlinkung nicht erkennbar.<\/p>\n<p>Eine permanente inhaltliche Kontrolle der verlinkten Seiten ist jedoch ohne konkrete Anhaltspunkte einer Rechtsverletzung nicht zumutbar. Bei Bekanntwerden von Rechtsverletzungen werden wir derartige Links umgehend entfernen.<\/p>\n<p><b>Urheberrecht\u00a0<\/b><\/p>\n<p>Die durch die Seitenbetreiber erstellten Inhalte und Werke auf diesen Seiten unterliegen dem deutschen Urheberrecht. Die Vervielf\u00e4ltigung, Bearbeitung, Verbreitung und jede Art der Verwertung au\u00dferhalb der Grenzen des Urheberrechtes bed\u00fcrfen der schriftlichen Zustimmung des jeweiligen Autors bzw. Erstellers. Downloads und Kopien dieser Seite sind nur f\u00fcr den privaten, nicht kommerziellen Gebrauch gestattet.<\/p>\n<p>Soweit die Inhalte auf dieser Seite nicht vom Betreiber erstellt wurden, werden die Urheberrechte Dritter beachtet. Insbesondere werden Inhalte Dritter als solche gekennzeichnet. Sollten Sie trotzdem auf eine Urheberrechtsverletzung aufmerksam werden, bitten wir um einen entsprechenden Hinweis. Bei Bekanntwerden von Rechtsverletzungen werden wir derartige Inhalte umgehend entfernen.<\/p>\n<p>Quelle: https:\/\/www.e-recht24.de\/impressum-generator.html<\/p>\n<h1><strong style=\"font-size: 1rem;\"><big>Datenschutzerkl\u00e4rung<\/big><\/strong><\/h1>\n<div class=\"s3-t s3-t0\">\n<p><strong>Allgemeiner Hinweis und Pflichtinformationen<\/strong><\/p>\n<p><strong>Benennung der verantwortlichen Stelle<\/strong><\/p>\n<p>Die verantwortliche Stelle f\u00fcr die Datenverarbeitung auf dieser Website ist:<\/p>\n<p><span id=\"s3-t-firma\">Caravan Big Band e. V.<\/span><br \/>\n<span id=\"s3-t-ansprechpartner\">Manuel Schwade<\/span><br \/>\n<span id=\"s3-t-strasse\">Steinhaagweg 24a<\/span><br \/>\n<span id=\"s3-t-plz\">36381<\/span> <span id=\"s3-t-ort\">Schl\u00fcchtern-Niederzell<\/span><\/p>\n<p>Die verantwortliche Stelle entscheidet allein oder gemeinsam mit anderen \u00fcber die Zwecke und Mittel der Verarbeitung von personenbezogenen Daten (z.B. Namen, Kontaktdaten o. \u00c4.).<\/p>\n<p><strong>Widerruf Ihrer Einwilligung zur Datenverarbeitung<\/strong><\/p>\n<p>Nur mit Ihrer ausdr\u00fccklichen Einwilligung sind einige Vorg\u00e4nge der Datenverarbeitung m\u00f6glich. Ein Widerruf Ihrer bereits erteilten Einwilligung ist jederzeit m\u00f6glich. F\u00fcr den Widerruf gen\u00fcgt eine formlose Mitteilung per E-Mail. Die Rechtm\u00e4\u00dfigkeit der bis zum Widerruf erfolgten Datenverarbeitung bleibt vom Widerruf unber\u00fchrt.<\/p>\n<p><strong>Recht auf Beschwerde bei der zust\u00e4ndigen Aufsichtsbeh\u00f6rde<\/strong><\/p>\n<p>Als Betroffener steht Ihnen im Falle eines datenschutzrechtlichen Versto\u00dfes ein Beschwerderecht bei der zust\u00e4ndigen Aufsichtsbeh\u00f6rde zu. Zust\u00e4ndige Aufsichtsbeh\u00f6rde bez\u00fcglich datenschutzrechtlicher Fragen ist der Landesdatenschutzbeauftragte des Bundeslandes, in dem sich der Sitz unseres Unternehmens befindet. Der folgende Link stellt eine Liste der Datenschutzbeauftragten sowie deren Kontaktdaten bereit: <a href=\"https:\/\/www.bfdi.bund.de\/DE\/Infothek\/Anschriften_Links\/anschriften_links-node.html\" target=\"_blank\" rel=\"noopener noreferrer\">https:\/\/www.bfdi.bund.de\/DE\/Infothek\/Anschriften_Links\/anschriften_links-node.html<\/a>.<\/p>\n<p><strong>Recht auf Daten\u00fcbertragbarkeit<\/strong><\/p>\n<p>Ihnen steht das Recht zu, Daten, die wir auf Grundlage Ihrer Einwilligung oder in Erf\u00fcllung eines Vertrags automatisiert verarbeiten, an sich oder an Dritte aush\u00e4ndigen zu lassen. Die Bereitstellung erfolgt in einem maschinenlesbaren Format. Sofern Sie die direkte \u00dcbertragung der Daten an einen anderen Verantwortlichen verlangen, erfolgt dies nur, soweit es technisch machbar ist.<\/p>\n<p><strong>Recht auf Auskunft, Berichtigung, Sperrung, L\u00f6schung<\/strong><\/p>\n<p>Sie haben jederzeit im Rahmen der geltenden gesetzlichen Bestimmungen das Recht auf unentgeltliche Auskunft \u00fcber Ihre gespeicherten personenbezogenen Daten, Herkunft der Daten, deren Empf\u00e4nger und den Zweck der Datenverarbeitung und ggf. ein Recht auf Berichtigung, Sperrung oder L\u00f6schung dieser Daten. Diesbez\u00fcglich und auch zu weiteren Fragen zum Thema personenbezogene Daten k\u00f6nnen Sie sich jederzeit \u00fcber die im Impressum aufgef\u00fchrten Kontaktm\u00f6glichkeiten an uns wenden.<\/p>\n<p><strong>SSL- bzw. TLS-Verschl\u00fcsselung<\/strong><\/p>\n<p>Aus Sicherheitsgr\u00fcnden und zum Schutz der \u00dcbertragung vertraulicher Inhalte, die Sie an uns als Seitenbetreiber senden, nutzt unsere Website eine SSL-bzw. TLS-Verschl\u00fcsselung. Damit sind Daten, die Sie \u00fcber diese Website \u00fcbermitteln, f\u00fcr Dritte nicht mitlesbar. Sie erkennen eine verschl\u00fcsselte Verbindung an der \u201ehttps:\/\/\u201c Adresszeile Ihres Browsers und am Schloss-Symbol in der Browserzeile.<\/p>\n<\/div>\n<div class=\"s3-t s3-t10\">\n<p><strong>YouTube<\/strong><\/p>\n<p>F\u00fcr Integration und Darstellung von Videoinhalten nutzt unsere Website Plugins von YouTube. Anbieter des Videoportals ist die YouTube, LLC, 901 Cherry Ave., San Bruno, CA 94066, USA.<\/p>\n<p>Bei Aufruf einer Seite mit integriertem YouTube-Plugin wird eine Verbindung zu den Servern von YouTube hergestellt. YouTube erf\u00e4hrt hierdurch, welche unserer Seiten Sie aufgerufen haben.<\/p>\n<p>YouTube kann Ihr Surfverhalten direkt Ihrem pers\u00f6nlichen Profil zuzuordnen, sollten Sie in Ihrem YouTube Konto eingeloggt sein. Durch vorheriges Ausloggen haben Sie die M\u00f6glichkeit, dies zu unterbinden.<\/p>\n<p>Die Nutzung von YouTube erfolgt im Interesse einer ansprechenden Darstellung unserer Online-Angebote. Dies stellt ein berechtigtes Interesse im Sinne von Art. 6 Abs. 1 lit. f DSGVO dar.<\/p>\n<p>Einzelheiten zum Umgang mit Nutzerdaten finden Sie in der Datenschutzerkl\u00e4rung von YouTube unter: <a href=\"https:\/\/www.google.de\/intl\/de\/policies\/privacy\">https:\/\/www.google.de\/intl\/de\/policies\/privacy<\/a>.<\/p>\n<\/div>\n<div class=\"s3-t s3-t0\">\n<p><small>Quelle: Datenschutz-Konfigurator von <a href=\"http:\/\/www.mein-datenschutzbeauftragter.de\/\" target=\"_blank\" rel=\"noopener noreferrer\">mein-datenschutzbeauftragter.de<\/a><\/small><\/p>\n<\/div>\n","protected":false},"excerpt":{"rendered":"<p>Impressum Angaben gem\u00e4\u00df \u00a7 5 TMG:\u00a0 Caravan Big Band e. V., Steinhaagweg 24a, 36381 Schl\u00fcchtern Vertreten durch:\u00a0 Vertretungsberechtigter Vorstand: Manuel Schwade (1. Vorsitzender) Sebastian Schwade (2. Vorsitzender) David Engel (Schriftf\u00fchrer) Alexander Ho\u00dffeld (Kassierer) Franz-Josef Schwade (Musikalischer Leiter) Kontakt:\u00a0 E-Mail: info@caravanbigband.de Registereintrag:\u00a0 Eintragung im Vereinsregister. Registergericht: Amtsgericht Hanau Registernummer: VR 2531 Umsatzsteuer:\u00a0 Umsatzsteuer-Identifikationsnummer gem\u00e4\u00df \u00a727 a Umsatzsteuergesetz: 1925000704 Haftung f\u00fcr Inhalte\u00a0<\/p>\n<p><a class=\"more-link\" href=\"https:\/\/caravanbigband.de\/index.php\/impressum\/\">Weiterlesen<\/a><\/p>\n","protected":false},"author":2,"featured_media":0,"parent":0,"menu_order":0,"comment_status":"closed","ping_status":"closed","template":"","meta":{"footnotes":""},"class_list":["post-42","page","type-page","status-publish","hentry"],"yoast_head":"<!-- This site is optimized with the Yoast SEO plugin v27.1.1 - https:\/\/yoast.com\/product\/yoast-seo-wordpress\/ -->\n<title>Impressum &amp; Datenschutz - Caravan Big Band<\/title>\n<meta name=\"robots\" content=\"index, follow, max-snippet:-1, max-image-preview:large, max-video-preview:-1\" \/>\n<link rel=\"canonical\" href=\"https:\/\/caravanbigband.de\/index.php\/impressum\/\" \/>\n<meta property=\"og:locale\" content=\"de_DE\" \/>\n<meta property=\"og:type\" content=\"article\" \/>\n<meta property=\"og:title\" content=\"Impressum &amp; Datenschutz - Caravan Big Band\" \/>\n<meta property=\"og:description\" content=\"Impressum Angaben gem\u00e4\u00df \u00a7 5 TMG:\u00a0 Caravan Big Band e. V., Steinhaagweg 24a, 36381 Schl\u00fcchtern Vertreten durch:\u00a0 Vertretungsberechtigter Vorstand: Manuel Schwade (1. Vorsitzender) Sebastian Schwade (2. Vorsitzender) David Engel (Schriftf\u00fchrer) Alexander Ho\u00dffeld (Kassierer) Franz-Josef Schwade (Musikalischer Leiter) Kontakt:\u00a0 E-Mail: info@caravanbigband.de Registereintrag:\u00a0 Eintragung im Vereinsregister. Registergericht: Amtsgericht Hanau Registernummer: VR 2531 Umsatzsteuer:\u00a0 Umsatzsteuer-Identifikationsnummer gem\u00e4\u00df \u00a727 a Umsatzsteuergesetz: 1925000704 Haftung f\u00fcr Inhalte\u00a0Weiterlesen\" \/>\n<meta property=\"og:url\" content=\"https:\/\/caravanbigband.de\/index.php\/impressum\/\" \/>\n<meta property=\"og:site_name\" content=\"Caravan Big Band\" \/>\n<meta property=\"article:publisher\" content=\"https:\/\/facebook.com\/155537431172416\" \/>\n<meta property=\"article:modified_time\" content=\"2021-09-03T18:56:12+00:00\" \/>\n<meta name=\"twitter:card\" content=\"summary_large_image\" \/>\n<meta name=\"twitter:label1\" content=\"Gesch\u00e4tzte Lesezeit\" \/>\n\t<meta name=\"twitter:data1\" content=\"4\u00a0Minuten\" \/>\n<script type=\"application\/ld+json\" class=\"yoast-schema-graph\">{\"@context\":\"https:\/\/schema.org\",\"@graph\":[{\"@type\":\"WebPage\",\"@id\":\"https:\/\/caravanbigband.de\/index.php\/impressum\/\",\"url\":\"https:\/\/caravanbigband.de\/index.php\/impressum\/\",\"name\":\"Impressum & Datenschutz - Caravan Big Band\",\"isPartOf\":{\"@id\":\"https:\/\/caravanbigband.de\/#website\"},\"datePublished\":\"2017-07-24T16:26:54+00:00\",\"dateModified\":\"2021-09-03T18:56:12+00:00\",\"breadcrumb\":{\"@id\":\"https:\/\/caravanbigband.de\/index.php\/impressum\/#breadcrumb\"},\"inLanguage\":\"de\",\"potentialAction\":[{\"@type\":\"ReadAction\",\"target\":[\"https:\/\/caravanbigband.de\/index.php\/impressum\/\"]}]},{\"@type\":\"BreadcrumbList\",\"@id\":\"https:\/\/caravanbigband.de\/index.php\/impressum\/#breadcrumb\",\"itemListElement\":[{\"@type\":\"ListItem\",\"position\":1,\"name\":\"Startseite\",\"item\":\"https:\/\/caravanbigband.de\/\"},{\"@type\":\"ListItem\",\"position\":2,\"name\":\"Impressum &#038; Datenschutz\"}]},{\"@type\":\"WebSite\",\"@id\":\"https:\/\/caravanbigband.de\/#website\",\"url\":\"https:\/\/caravanbigband.de\/\",\"name\":\"Caravan Big Band\",\"description\":\"Caravan Big Band Schl\u00fcchtern Jazz Swing Funk Blues\",\"publisher\":{\"@id\":\"https:\/\/caravanbigband.de\/#organization\"},\"potentialAction\":[{\"@type\":\"SearchAction\",\"target\":{\"@type\":\"EntryPoint\",\"urlTemplate\":\"https:\/\/caravanbigband.de\/?s={search_term_string}\"},\"query-input\":{\"@type\":\"PropertyValueSpecification\",\"valueRequired\":true,\"valueName\":\"search_term_string\"}}],\"inLanguage\":\"de\"},{\"@type\":\"Organization\",\"@id\":\"https:\/\/caravanbigband.de\/#organization\",\"name\":\"Caravan Big Band\",\"url\":\"https:\/\/caravanbigband.de\/\",\"logo\":{\"@type\":\"ImageObject\",\"inLanguage\":\"de\",\"@id\":\"https:\/\/caravanbigband.de\/#\/schema\/logo\/image\/\",\"url\":\"https:\/\/i0.wp.com\/caravanbigband.de\/wp-content\/uploads\/2017\/12\/logo-schwarz-transparent-ohne-Rahmen.png?fit=1600%2C900&ssl=1\",\"contentUrl\":\"https:\/\/i0.wp.com\/caravanbigband.de\/wp-content\/uploads\/2017\/12\/logo-schwarz-transparent-ohne-Rahmen.png?fit=1600%2C900&ssl=1\",\"width\":1600,\"height\":900,\"caption\":\"Caravan Big Band\"},\"image\":{\"@id\":\"https:\/\/caravanbigband.de\/#\/schema\/logo\/image\/\"},\"sameAs\":[\"https:\/\/facebook.com\/155537431172416\",\"https:\/\/www.youtube.com\/watch?list=PLoD8i9-YWP0UGZJNZnyNEAsArw-JlVWn-&amp;amp;amp;amp;amp;amp;v=AVm3JTbqv1E\",\"https:\/\/www.instagram.com\/caravanbigband\/\"]}]}<\/script>\n<!-- \/ Yoast SEO plugin. -->","yoast_head_json":{"title":"Impressum & Datenschutz - Caravan Big Band","robots":{"index":"index","follow":"follow","max-snippet":"max-snippet:-1","max-image-preview":"max-image-preview:large","max-video-preview":"max-video-preview:-1"},"canonical":"https:\/\/caravanbigband.de\/index.php\/impressum\/","og_locale":"de_DE","og_type":"article","og_title":"Impressum & Datenschutz - Caravan Big Band","og_description":"Impressum Angaben gem\u00e4\u00df \u00a7 5 TMG:\u00a0 Caravan Big Band e. V., Steinhaagweg 24a, 36381 Schl\u00fcchtern Vertreten durch:\u00a0 Vertretungsberechtigter Vorstand: Manuel Schwade (1. Vorsitzender) Sebastian Schwade (2. Vorsitzender) David Engel (Schriftf\u00fchrer) Alexander Ho\u00dffeld (Kassierer) Franz-Josef Schwade (Musikalischer Leiter) Kontakt:\u00a0 E-Mail: info@caravanbigband.de Registereintrag:\u00a0 Eintragung im Vereinsregister. Registergericht: Amtsgericht Hanau Registernummer: VR 2531 Umsatzsteuer:\u00a0 Umsatzsteuer-Identifikationsnummer gem\u00e4\u00df \u00a727 a Umsatzsteuergesetz: 1925000704 Haftung f\u00fcr Inhalte\u00a0Weiterlesen","og_url":"https:\/\/caravanbigband.de\/index.php\/impressum\/","og_site_name":"Caravan Big Band","article_publisher":"https:\/\/facebook.com\/155537431172416","article_modified_time":"2021-09-03T18:56:12+00:00","twitter_card":"summary_large_image","twitter_misc":{"Gesch\u00e4tzte Lesezeit":"4\u00a0Minuten"},"schema":{"@context":"https:\/\/schema.org","@graph":[{"@type":"WebPage","@id":"https:\/\/caravanbigband.de\/index.php\/impressum\/","url":"https:\/\/caravanbigband.de\/index.php\/impressum\/","name":"Impressum & Datenschutz - Caravan Big Band","isPartOf":{"@id":"https:\/\/caravanbigband.de\/#website"},"datePublished":"2017-07-24T16:26:54+00:00","dateModified":"2021-09-03T18:56:12+00:00","breadcrumb":{"@id":"https:\/\/caravanbigband.de\/index.php\/impressum\/#breadcrumb"},"inLanguage":"de","potentialAction":[{"@type":"ReadAction","target":["https:\/\/caravanbigband.de\/index.php\/impressum\/"]}]},{"@type":"BreadcrumbList","@id":"https:\/\/caravanbigband.de\/index.php\/impressum\/#breadcrumb","itemListElement":[{"@type":"ListItem","position":1,"name":"Startseite","item":"https:\/\/caravanbigband.de\/"},{"@type":"ListItem","position":2,"name":"Impressum &#038; Datenschutz"}]},{"@type":"WebSite","@id":"https:\/\/caravanbigband.de\/#website","url":"https:\/\/caravanbigband.de\/","name":"Caravan Big Band","description":"Caravan Big Band Schl\u00fcchtern Jazz Swing Funk Blues","publisher":{"@id":"https:\/\/caravanbigband.de\/#organization"},"potentialAction":[{"@type":"SearchAction","target":{"@type":"EntryPoint","urlTemplate":"https:\/\/caravanbigband.de\/?s={search_term_string}"},"query-input":{"@type":"PropertyValueSpecification","valueRequired":true,"valueName":"search_term_string"}}],"inLanguage":"de"},{"@type":"Organization","@id":"https:\/\/caravanbigband.de\/#organization","name":"Caravan Big Band","url":"https:\/\/caravanbigband.de\/","logo":{"@type":"ImageObject","inLanguage":"de","@id":"https:\/\/caravanbigband.de\/#\/schema\/logo\/image\/","url":"https:\/\/i0.wp.com\/caravanbigband.de\/wp-content\/uploads\/2017\/12\/logo-schwarz-transparent-ohne-Rahmen.png?fit=1600%2C900&ssl=1","contentUrl":"https:\/\/i0.wp.com\/caravanbigband.de\/wp-content\/uploads\/2017\/12\/logo-schwarz-transparent-ohne-Rahmen.png?fit=1600%2C900&ssl=1","width":1600,"height":900,"caption":"Caravan Big Band"},"image":{"@id":"https:\/\/caravanbigband.de\/#\/schema\/logo\/image\/"},"sameAs":["https:\/\/facebook.com\/155537431172416","https:\/\/www.youtube.com\/watch?list=PLoD8i9-YWP0UGZJNZnyNEAsArw-JlVWn-&amp;amp;amp;amp;amp;amp;v=AVm3JTbqv1E","https:\/\/www.instagram.com\/caravanbigband\/"]}]}},"jetpack_sharing_enabled":true,"_links":{"self":[{"href":"https:\/\/caravanbigband.de\/index.php\/wp-json\/wp\/v2\/pages\/42","targetHints":{"allow":["GET"]}}],"collection":[{"href":"https:\/\/caravanbigband.de\/index.php\/wp-json\/wp\/v2\/pages"}],"about":[{"href":"https:\/\/caravanbigband.de\/index.php\/wp-json\/wp\/v2\/types\/page"}],"author":[{"embeddable":true,"href":"https:\/\/caravanbigband.de\/index.php\/wp-json\/wp\/v2\/users\/2"}],"replies":[{"embeddable":true,"href":"https:\/\/caravanbigband.de\/index.php\/wp-json\/wp\/v2\/comments?post=42"}],"version-history":[{"count":9,"href":"https:\/\/caravanbigband.de\/index.php\/wp-json\/wp\/v2\/pages\/42\/revisions"}],"predecessor-version":[{"id":1964,"href":"https:\/\/caravanbigband.de\/index.php\/wp-json\/wp\/v2\/pages\/42\/revisions\/1964"}],"wp:attachment":[{"href":"https:\/\/caravanbigband.de\/index.php\/wp-json\/wp\/v2\/media?parent=42"}],"curies":[{"name":"wp","href":"https:\/\/api.w.org\/{rel}","templated":true}]}}