{"id":488,"date":"2017-11-05T18:39:56","date_gmt":"2017-11-05T17:39:56","guid":{"rendered":"http:\/\/caravanbigband.de\/?page_id=488"},"modified":"2019-07-14T22:25:08","modified_gmt":"2019-07-14T21:25:08","slug":"profil","status":"publish","type":"page","link":"https:\/\/caravanbigband.de\/index.php\/profil\/","title":{"rendered":"Profil"},"content":{"rendered":"<h1><span style=\"color: #f46b00;\">Caravan Big Band<\/span><\/h1>\n<div class='content-column one_half'><p style=\"text-align: justify;\"><span style=\"font-size: 11pt;\">Die <a href=\"#Highlights\">Caravan Big Band<\/a> wurde 1983 von Franz-Josef Schwade gegr\u00fcndet und steht seitdem unter seiner musikalischen Leitung. Die klassische Big Band-Besetzung (f\u00fcnf Saxophone, vier Posaunen, vier Trompeten, Rhythmusgruppe bestehend aus Schlagzeug, Gitarre, Bass und Klavier) wird mit S\u00e4ngerinnen und S\u00e4ngern sowie Gastsolisten erg\u00e4nzt. Seit \u00fcber drei Jahrzehnten stellt das Orchester auf zahlreichen Jazzveranstaltungen, Konzerten, B\u00e4llen und Tourneen sein K\u00f6nnen unter Beweis und begeistert das Publikum durch Vielseitigkeit auf h\u00f6chstem Niveau.<\/span><\/p><\/div>\n<div class='content-column one_half last_column'><div style=\"padding-left:50px;\"><div id=\"attachment_373\" style=\"width: 310px\" class=\"wp-caption alignnone\"><a href=\"https:\/\/i0.wp.com\/caravanbigband.de\/wp-content\/uploads\/2017\/11\/DSC_1739.jpg?ssl=1\"><img data-recalc-dims=\"1\" loading=\"lazy\" decoding=\"async\" aria-describedby=\"caption-attachment-373\" class=\"wp-image-373 size-medium\" src=\"https:\/\/i0.wp.com\/caravanbigband.de\/wp-content\/uploads\/2017\/11\/DSC_1739.jpg?resize=300%2C199&#038;ssl=1\" alt=\"\" width=\"300\" height=\"199\" srcset=\"https:\/\/i0.wp.com\/caravanbigband.de\/wp-content\/uploads\/2017\/11\/DSC_1739.jpg?resize=300%2C199&amp;ssl=1 300w, https:\/\/i0.wp.com\/caravanbigband.de\/wp-content\/uploads\/2017\/11\/DSC_1739.jpg?resize=150%2C100&amp;ssl=1 150w, https:\/\/i0.wp.com\/caravanbigband.de\/wp-content\/uploads\/2017\/11\/DSC_1739.jpg?resize=768%2C510&amp;ssl=1 768w, https:\/\/i0.wp.com\/caravanbigband.de\/wp-content\/uploads\/2017\/11\/DSC_1739.jpg?resize=800%2C532&amp;ssl=1 800w, https:\/\/i0.wp.com\/caravanbigband.de\/wp-content\/uploads\/2017\/11\/DSC_1739.jpg?w=900&amp;ssl=1 900w\" sizes=\"auto, (max-width: 300px) 100vw, 300px\" \/><\/a><p id=\"caption-attachment-373\" class=\"wp-caption-text\">CBB in Frankreich<\/p><\/div><\/div><\/div><div class='clear_column'><\/div>\n<div class='content-column full_width'><p style=\"text-align: justify;\"><span style=\"font-size: 11pt;\">Probte die Band in den ersten Jahren noch im Keller von Schwades Wohnhaus, stieg sie unter seiner Leitung zu einem in Hessen und bundesweit renommierten Jazzorchester auf, welches auch im Ausland gro\u00dfe Anerkennung findet.<\/span><br \/>\n<span style=\"font-size: 11pt;\"> Durch die Zusammenarbeit mit Schulen, Hochschulen, Berufsorchestern, Vereinen und Kommunen gelang Schwade eine umfangreiche F\u00f6rderung seiner Musikerinnen und Musiker. J\u00e4hrliche Workshops mit national und international anerkannten Jazzgr\u00f6\u00dfen sowie erfolgreiche Teilnahmen an Landes-, Bundes- und internationalen Jazzwettbewerben, wie dem <a href=\"http:\/\/www.meerjazz.nl\/\">Meer Jazzfestival in Hofddorp<\/a> in Holland, haben zahlreiche Solisten hervorgebracht.<\/span><\/p>\n<p style=\"text-align: justify;\"><span style=\"font-size: 11pt;\">Sowohl Bandmitglieder als auch Ehemalige der Caravan Big Band spielen u.a. im <a href=\"http:\/\/www.bundesjazzorchester.de\/startseite.html\">Bundesjugendjazzorchester<\/a>, <a href=\"http:\/\/ljjoh.de\/\">Landesjugendjazzorchester Hessen<\/a>, <a href=\"http:\/\/www.glenn-miller-orchestra.de\/t3\/index.php?id=25\">Glenn Miller Orchestra<\/a>, <a href=\"https:\/\/www.concertgebouworkest.nl\/en\/royal-concertgebouworchestra-amsterdam\">The Royal Concertgebouw Orchestra Amsterdam<\/a>, <a href=\"http:\/\/www.english-theatre.de\/\">English Theatre Frankfurt<\/a> oder sind Aushilfe bei den <a href=\"https:\/\/www.berliner-philharmoniker.de\/\">Berliner Philharmonikern<\/a>. Andere arbeiten als Gastdirigent am <a href=\"http:\/\/theater-marburg.com\/tm\/Index\/\">Hessischen Landestheater Marburg<\/a>, Bandmitglid bei <a href=\"https:\/\/www.vox.de\/cms\/sendungen\/sing-meinen-song-das-tauschkonzert.html\">Sing meinen Song (VOX)<\/a>, Musiklehrer oder Dozenten an Hoch- und Musikschulen.<\/span><\/p>\n<p style=\"text-align: justify;\"><span style=\"font-size: 11pt;\">Regelm\u00e4\u00dfige Themenkonzerte, Konzertreisen nach Frankreich, Polen und Holland, <a href=\"https:\/\/caravanbigband.de\/index.php\/diskographie\/\">CD-Aufnahmen<\/a> und Eigenkompositionen, Fernsehsendungen (Hessenfernsehen) und Radio\u00fcbertragungen (auf HR 2 und HR 4) zeugen von der unerm\u00fcdlichen Schaffenskraft und Anerkennung des Bandleaders und seiner Band.<\/span><br \/>\n<span style=\"font-size: 11pt;\"> Das breit aufgestellte Orchester bietet neben traditionellen Jazzkonzerten und Themenkonzerten auch die musikalische Gestaltung von B\u00e4llen und Tanzveranstaltungen an.<\/span><\/p><\/div>\n<h1 id=\"Highlights\" class=\"position\"><span style=\"color: #f46b00;\">Highlights<\/span><\/h1>\n<div class='content-column two_third'><ul style=\"list-style-type: square;\">\n<li><span style=\"font-size: 11pt;\">Verleihung des Hessischen Jazzpreises an Franz-Josef Schwade mit Radio\u00fcbertragung im HR<\/span><\/li>\n<li><span style=\"font-size: 11pt;\">Juristenball im Kurhaus Wiesbaden<\/span><\/li>\n<li><span style=\"font-size: 11pt;\">Deutschlandpr\u00e4sentation des Mercedes-Benz SL 500<\/span><\/li>\n<li><span style=\"font-size: 11pt;\">Rat Pack Show mit The New Clan im Schloss Crailsheim<\/span><\/li>\n<li><span style=\"font-size: 11pt;\">Jazzfestivals in Idstein, Stadtallendorf, Hoofddorp (Meer Jazz)<\/span><\/li>\n<li><span style=\"font-size: 11pt;\">Weinpr\u00e4mierung Wei\u00dfherbst im Maritim Hotel W\u00fcrzburg<\/span><\/li>\n<li><span style=\"font-size: 11pt;\">Ramholzer Musiktage<\/span><\/li>\n<li><span style=\"font-size: 11pt;\">Live-\u00dcbertragung im Hessischen Rundfunk aus Bad Soden im Rahmen der \u201eB\u00e4der Tour\u201c<\/span><\/li>\n<li><span style=\"font-size: 11pt;\">Benefizkonzert in Bingen als Begleitband von Walter Scholz (Gr\u00fcndung der Walter Scholz Stiftung)<\/span><\/li>\n<li><span style=\"font-size: 11pt;\">Benefizkonzerte f\u00fcr Behindertenwerkst\u00e4tten (Theater R\u00fcsselsheim), Russlandhilfe (unterst\u00fctzt von Stern und ZDF),\u00a0Musikschule Rocinha in Rio de Janeiro, Wir-helfen-in-Afrika (Gelnhausen)<\/span><\/li>\n<li><span style=\"font-size: 11pt;\">Internationale Gartenbauausstellung Erfurt<\/span><\/li>\n<li><span style=\"font-size: 11pt;\">Hessentage in Oberursel und Stadtallendorf<\/span><\/li>\n<li><span style=\"font-size: 11pt;\">Open Air Festival in Bad Br\u00fcckenau \u201eJazz im Park\u201c<\/span><\/li>\n<li><span style=\"font-size: 11pt;\">Neujahrsempfang in der Spessart Therme Bad Soden<\/span><\/li>\n<li><span style=\"font-size: 11pt;\">Herbstball in M\u00f6mlingen<\/span><\/li>\n<li><span style=\"font-size: 11pt;\">Laternenfest Bad Homburg<\/span><\/li>\n<\/ul>\n<h2>Tourneen<\/h2>\n<p style=\"text-align: justify;\"><span style=\"font-size: 11pt;\">Frankreich (6x) und Polen mit Konzerten in<\/span><\/p>\n<ul style=\"list-style-type: square;\">\n<li><span style=\"font-size: 11pt;\">Le Pradet, Six-Four, Le Lavendou, Cavali\u00e8re, Giens, Belgentier, Sollies-Pont, Brignoles, Lorgues, Grimaud und Jarocin<\/span><\/li>\n<\/ul>\n<h2>Wettbewerbe Sparte Big Band<\/h2>\n<ul style=\"list-style-type: square;\">\n<li><span style=\"font-size: 11pt;\">Mehrfacher Landessieger beim hessischen Wettbewerb \u201eJugend Jazzt\u201c<\/span><\/li>\n<li><span style=\"font-size: 11pt;\">Bundessieger beim Deutschen Orchesterwettbewerb in der Kategorie Jazzorchester<\/span><\/li>\n<\/ul>\n<h2>Wettbewerbe Sparte Solisten (Landessieger und Mehrfachauszeichnungen)<\/h2>\n<ul style=\"list-style-type: square;\">\n<li><span style=\"font-size: 11pt;\">Gregor Sperzel (Posaune)<\/span><\/li>\n<li><span style=\"font-size: 11pt;\">Frank Grob (Tenorsaxophon)<\/span><\/li>\n<li><span style=\"font-size: 11pt;\">Benjamin Engel (Altsaxophon)<\/span><\/li>\n<li><span style=\"font-size: 11pt;\">Alexander Schwade (Schlagzeug)<\/span><\/li>\n<li><span style=\"font-size: 11pt;\">Johannes Goltz (Posaune)<\/span><\/li>\n<li><span style=\"font-size: 11pt;\">Florian Sperzel (Trompete)<\/span><\/li>\n<li><span style=\"font-size: 11pt;\">Felix Blum (Trompete)<\/span><\/li>\n<li><span style=\"font-size: 11pt;\">Jonas Engel (Altsaxophon)<\/span><\/li>\n<\/ul>\n<h2>Jubil\u00e4umskonzerte<\/h2>\n<ul style=\"list-style-type: square;\">\n<li><span style=\"font-size: 11pt;\">Konzert zum 10-j\u00e4hrigen Bestehen der Caravan Big Band mit dem Landes Jugend Jazz<\/span><br \/>\n<span style=\"font-size: 11pt;\"> Orchester Hessen<\/span><\/li>\n<li><span style=\"font-size: 11pt;\">Gala zum 15-j\u00e4hrigen Bestehen der Caravan Big Band zusammen mit der Frankfurt Jazz Big Band unter der Leitung von Wilson de Oliveira<\/span><\/li>\n<li><span style=\"font-size: 11pt;\">Konzert zum 20-j\u00e4hrigen Bestehen der Caravan Big Band mit Starposaunist Jiggs Whigham<\/span><\/li>\n<li><span style=\"font-size: 11pt;\">Konzert zum 25-j\u00e4hrigen Bestehen mit vielen Ehemaligen und Gr\u00fcndungsmitgliedern<\/span><\/li>\n<li><span style=\"font-size: 11pt;\">Konzert zum 30-j\u00e4hrigen Bestehen mit Rat Pack und Elvis Presley Show<\/span><\/li>\n<\/ul>\n<h2>CD-Ver\u00f6ffentlichungen<\/h2>\n<ul style=\"list-style-type: square;\">\n<li><span style=\"font-size: 11pt;\">Sing &amp; Swing 2.0<\/span><\/li>\n<li><span style=\"font-size: 11pt;\">Sing and Swing<\/span><\/li>\n<li><span style=\"font-size: 11pt;\">Jazz Contrasts<\/span><\/li>\n<li><span style=\"font-size: 11pt;\">Preistr\u00e4ger-CD (aufgenommen im Hessischen Rundfunk)<\/span><\/li>\n<li><span style=\"font-size: 11pt;\">Promotion-CD \u201eOver the Rainbow\u201c f\u00fcr das Staatsbad Bad Br\u00fcckenau<\/span><\/li>\n<li><span style=\"font-size: 11pt;\">Offizielle Festival-CD des Jazz-Festival Idstein<\/span><\/li>\n<\/ul>\n<h2>Gastsolisten<\/h2>\n<ul style=\"list-style-type: square;\">\n<li>Heinz-Dieter Sauerborn<\/li>\n<li><span style=\"font-size: 11pt;\">Erik van Lier<\/span><\/li>\n<li><span style=\"font-size: 11pt;\">Ack van Rooyen<\/span><\/li>\n<li><span style=\"font-size: 11pt;\">Walter Scholz<\/span><\/li>\n<li><span style=\"font-size: 11pt;\">Jiggs Whigham<\/span><\/li>\n<li><span style=\"font-size: 11pt;\">Bobby Burgess<\/span><\/li>\n<li><span style=\"font-size: 11pt;\">German Marstatt<\/span><\/li>\n<li><span style=\"font-size: 11pt;\">Joachim Kunze<\/span><\/li>\n<li><span style=\"font-size: 11pt;\">Andy Haderer<\/span><\/li>\n<\/ul>\n<h2 id=\"Workshops\" tabindex=\"-1\">Workshops unter anderem mit<\/h2>\n<ul style=\"list-style-type: square;\">\n<li><span style=\"font-size: 11pt;\">Erik van Lier<\/span><\/li>\n<li><span style=\"font-size: 11pt;\">Felix Fromm<\/span><\/li>\n<li><span style=\"font-size: 11pt;\">Thomas Cremer<\/span><\/li>\n<li><span style=\"font-size: 11pt;\">Jiggs Whigham<\/span><\/li>\n<li><span style=\"font-size: 11pt;\">Ack van Rooyen<\/span><\/li>\n<li><span style=\"font-size: 11pt;\">Bobby Burgess<\/span><\/li>\n<li><span style=\"font-size: 11pt;\">Wolfgang Diefenbach<\/span><\/li>\n<li><span style=\"font-size: 11pt;\">Ralf Himmler<\/span><\/li>\n<li><span style=\"font-size: 11pt;\">Peter Back<\/span><\/li>\n<li><span style=\"font-size: 11pt;\">Joe Gallardo<\/span><\/li>\n<li><span style=\"font-size: 11pt;\">Dieter Glawischnig<\/span><\/li>\n<li><span style=\"font-size: 11pt;\">Herb Geller<\/span><\/li>\n<li><span style=\"font-size: 11pt;\">Christian Meyers<\/span><\/li>\n<li><span style=\"font-size: 11pt;\">Peter Feil<\/span><\/li>\n<li><span style=\"font-size: 11pt;\">Andy Haderer<\/span><\/li>\n<li><span style=\"font-size: 11pt;\">Thomas Heidepriem<\/span><\/li>\n<li><span style=\"font-size: 11pt;\">Oliver Leicht<\/span><\/li>\n<li><span style=\"font-size: 11pt;\">Heinz-Dieter Sauerborn<\/span><\/li>\n<\/ul><\/div>\n","protected":false},"excerpt":{"rendered":"<p>Caravan Big Band Highlights<\/p>\n","protected":false},"author":2,"featured_media":0,"parent":0,"menu_order":0,"comment_status":"closed","ping_status":"closed","template":"","meta":{"footnotes":""},"class_list":["post-488","page","type-page","status-publish","hentry"],"yoast_head":"<!-- This site is optimized with the Yoast SEO plugin v27.1.1 - https:\/\/yoast.com\/product\/yoast-seo-wordpress\/ -->\n<title>Profil - Caravan Big Band<\/title>\n<meta name=\"robots\" content=\"index, follow, max-snippet:-1, max-image-preview:large, max-video-preview:-1\" \/>\n<link rel=\"canonical\" href=\"https:\/\/caravanbigband.de\/index.php\/profil\/\" \/>\n<meta property=\"og:locale\" content=\"de_DE\" \/>\n<meta property=\"og:type\" content=\"article\" \/>\n<meta property=\"og:title\" content=\"Profil - Caravan Big Band\" \/>\n<meta property=\"og:description\" content=\"Caravan Big Band Highlights\" \/>\n<meta property=\"og:url\" content=\"https:\/\/caravanbigband.de\/index.php\/profil\/\" \/>\n<meta property=\"og:site_name\" content=\"Caravan Big Band\" \/>\n<meta property=\"article:publisher\" content=\"https:\/\/facebook.com\/155537431172416\" \/>\n<meta property=\"article:modified_time\" content=\"2019-07-14T21:25:08+00:00\" \/>\n<meta property=\"og:image\" content=\"https:\/\/caravanbigband.de\/wp-content\/uploads\/2017\/11\/DSC_1739-300x199.jpg\" \/>\n<meta name=\"twitter:card\" content=\"summary_large_image\" \/>\n<meta name=\"twitter:label1\" content=\"Gesch\u00e4tzte Lesezeit\" \/>\n\t<meta name=\"twitter:data1\" content=\"3\u00a0Minuten\" \/>\n<script type=\"application\/ld+json\" class=\"yoast-schema-graph\">{\"@context\":\"https:\/\/schema.org\",\"@graph\":[{\"@type\":\"WebPage\",\"@id\":\"https:\/\/caravanbigband.de\/index.php\/profil\/\",\"url\":\"https:\/\/caravanbigband.de\/index.php\/profil\/\",\"name\":\"Profil - Caravan Big Band\",\"isPartOf\":{\"@id\":\"https:\/\/caravanbigband.de\/#website\"},\"primaryImageOfPage\":{\"@id\":\"https:\/\/caravanbigband.de\/index.php\/profil\/#primaryimage\"},\"image\":{\"@id\":\"https:\/\/caravanbigband.de\/index.php\/profil\/#primaryimage\"},\"thumbnailUrl\":\"https:\/\/caravanbigband.de\/wp-content\/uploads\/2017\/11\/DSC_1739-300x199.jpg\",\"datePublished\":\"2017-11-05T17:39:56+00:00\",\"dateModified\":\"2019-07-14T21:25:08+00:00\",\"breadcrumb\":{\"@id\":\"https:\/\/caravanbigband.de\/index.php\/profil\/#breadcrumb\"},\"inLanguage\":\"de\",\"potentialAction\":[{\"@type\":\"ReadAction\",\"target\":[\"https:\/\/caravanbigband.de\/index.php\/profil\/\"]}]},{\"@type\":\"ImageObject\",\"inLanguage\":\"de\",\"@id\":\"https:\/\/caravanbigband.de\/index.php\/profil\/#primaryimage\",\"url\":\"https:\/\/i0.wp.com\/caravanbigband.de\/wp-content\/uploads\/2017\/11\/DSC_1739.jpg?fit=900%2C598&ssl=1\",\"contentUrl\":\"https:\/\/i0.wp.com\/caravanbigband.de\/wp-content\/uploads\/2017\/11\/DSC_1739.jpg?fit=900%2C598&ssl=1\",\"width\":900,\"height\":598},{\"@type\":\"BreadcrumbList\",\"@id\":\"https:\/\/caravanbigband.de\/index.php\/profil\/#breadcrumb\",\"itemListElement\":[{\"@type\":\"ListItem\",\"position\":1,\"name\":\"Startseite\",\"item\":\"https:\/\/caravanbigband.de\/\"},{\"@type\":\"ListItem\",\"position\":2,\"name\":\"Profil\"}]},{\"@type\":\"WebSite\",\"@id\":\"https:\/\/caravanbigband.de\/#website\",\"url\":\"https:\/\/caravanbigband.de\/\",\"name\":\"Caravan Big Band\",\"description\":\"Caravan Big Band Schl\u00fcchtern Jazz Swing Funk Blues\",\"publisher\":{\"@id\":\"https:\/\/caravanbigband.de\/#organization\"},\"potentialAction\":[{\"@type\":\"SearchAction\",\"target\":{\"@type\":\"EntryPoint\",\"urlTemplate\":\"https:\/\/caravanbigband.de\/?s={search_term_string}\"},\"query-input\":{\"@type\":\"PropertyValueSpecification\",\"valueRequired\":true,\"valueName\":\"search_term_string\"}}],\"inLanguage\":\"de\"},{\"@type\":\"Organization\",\"@id\":\"https:\/\/caravanbigband.de\/#organization\",\"name\":\"Caravan Big Band\",\"url\":\"https:\/\/caravanbigband.de\/\",\"logo\":{\"@type\":\"ImageObject\",\"inLanguage\":\"de\",\"@id\":\"https:\/\/caravanbigband.de\/#\/schema\/logo\/image\/\",\"url\":\"https:\/\/i0.wp.com\/caravanbigband.de\/wp-content\/uploads\/2017\/12\/logo-schwarz-transparent-ohne-Rahmen.png?fit=1600%2C900&ssl=1\",\"contentUrl\":\"https:\/\/i0.wp.com\/caravanbigband.de\/wp-content\/uploads\/2017\/12\/logo-schwarz-transparent-ohne-Rahmen.png?fit=1600%2C900&ssl=1\",\"width\":1600,\"height\":900,\"caption\":\"Caravan Big Band\"},\"image\":{\"@id\":\"https:\/\/caravanbigband.de\/#\/schema\/logo\/image\/\"},\"sameAs\":[\"https:\/\/facebook.com\/155537431172416\",\"https:\/\/www.youtube.com\/watch?list=PLoD8i9-YWP0UGZJNZnyNEAsArw-JlVWn-&amp;amp;amp;amp;amp;amp;v=AVm3JTbqv1E\",\"https:\/\/www.instagram.com\/caravanbigband\/\"]}]}<\/script>\n<!-- \/ Yoast SEO plugin. -->","yoast_head_json":{"title":"Profil - Caravan Big Band","robots":{"index":"index","follow":"follow","max-snippet":"max-snippet:-1","max-image-preview":"max-image-preview:large","max-video-preview":"max-video-preview:-1"},"canonical":"https:\/\/caravanbigband.de\/index.php\/profil\/","og_locale":"de_DE","og_type":"article","og_title":"Profil - Caravan Big Band","og_description":"Caravan Big Band Highlights","og_url":"https:\/\/caravanbigband.de\/index.php\/profil\/","og_site_name":"Caravan Big Band","article_publisher":"https:\/\/facebook.com\/155537431172416","article_modified_time":"2019-07-14T21:25:08+00:00","og_image":[{"url":"https:\/\/caravanbigband.de\/wp-content\/uploads\/2017\/11\/DSC_1739-300x199.jpg","type":"","width":"","height":""}],"twitter_card":"summary_large_image","twitter_misc":{"Gesch\u00e4tzte Lesezeit":"3\u00a0Minuten"},"schema":{"@context":"https:\/\/schema.org","@graph":[{"@type":"WebPage","@id":"https:\/\/caravanbigband.de\/index.php\/profil\/","url":"https:\/\/caravanbigband.de\/index.php\/profil\/","name":"Profil - Caravan Big Band","isPartOf":{"@id":"https:\/\/caravanbigband.de\/#website"},"primaryImageOfPage":{"@id":"https:\/\/caravanbigband.de\/index.php\/profil\/#primaryimage"},"image":{"@id":"https:\/\/caravanbigband.de\/index.php\/profil\/#primaryimage"},"thumbnailUrl":"https:\/\/caravanbigband.de\/wp-content\/uploads\/2017\/11\/DSC_1739-300x199.jpg","datePublished":"2017-11-05T17:39:56+00:00","dateModified":"2019-07-14T21:25:08+00:00","breadcrumb":{"@id":"https:\/\/caravanbigband.de\/index.php\/profil\/#breadcrumb"},"inLanguage":"de","potentialAction":[{"@type":"ReadAction","target":["https:\/\/caravanbigband.de\/index.php\/profil\/"]}]},{"@type":"ImageObject","inLanguage":"de","@id":"https:\/\/caravanbigband.de\/index.php\/profil\/#primaryimage","url":"https:\/\/i0.wp.com\/caravanbigband.de\/wp-content\/uploads\/2017\/11\/DSC_1739.jpg?fit=900%2C598&ssl=1","contentUrl":"https:\/\/i0.wp.com\/caravanbigband.de\/wp-content\/uploads\/2017\/11\/DSC_1739.jpg?fit=900%2C598&ssl=1","width":900,"height":598},{"@type":"BreadcrumbList","@id":"https:\/\/caravanbigband.de\/index.php\/profil\/#breadcrumb","itemListElement":[{"@type":"ListItem","position":1,"name":"Startseite","item":"https:\/\/caravanbigband.de\/"},{"@type":"ListItem","position":2,"name":"Profil"}]},{"@type":"WebSite","@id":"https:\/\/caravanbigband.de\/#website","url":"https:\/\/caravanbigband.de\/","name":"Caravan Big Band","description":"Caravan Big Band Schl\u00fcchtern Jazz Swing Funk Blues","publisher":{"@id":"https:\/\/caravanbigband.de\/#organization"},"potentialAction":[{"@type":"SearchAction","target":{"@type":"EntryPoint","urlTemplate":"https:\/\/caravanbigband.de\/?s={search_term_string}"},"query-input":{"@type":"PropertyValueSpecification","valueRequired":true,"valueName":"search_term_string"}}],"inLanguage":"de"},{"@type":"Organization","@id":"https:\/\/caravanbigband.de\/#organization","name":"Caravan Big Band","url":"https:\/\/caravanbigband.de\/","logo":{"@type":"ImageObject","inLanguage":"de","@id":"https:\/\/caravanbigband.de\/#\/schema\/logo\/image\/","url":"https:\/\/i0.wp.com\/caravanbigband.de\/wp-content\/uploads\/2017\/12\/logo-schwarz-transparent-ohne-Rahmen.png?fit=1600%2C900&ssl=1","contentUrl":"https:\/\/i0.wp.com\/caravanbigband.de\/wp-content\/uploads\/2017\/12\/logo-schwarz-transparent-ohne-Rahmen.png?fit=1600%2C900&ssl=1","width":1600,"height":900,"caption":"Caravan Big Band"},"image":{"@id":"https:\/\/caravanbigband.de\/#\/schema\/logo\/image\/"},"sameAs":["https:\/\/facebook.com\/155537431172416","https:\/\/www.youtube.com\/watch?list=PLoD8i9-YWP0UGZJNZnyNEAsArw-JlVWn-&amp;amp;amp;amp;amp;amp;v=AVm3JTbqv1E","https:\/\/www.instagram.com\/caravanbigband\/"]}]}},"jetpack_sharing_enabled":true,"_links":{"self":[{"href":"https:\/\/caravanbigband.de\/index.php\/wp-json\/wp\/v2\/pages\/488","targetHints":{"allow":["GET"]}}],"collection":[{"href":"https:\/\/caravanbigband.de\/index.php\/wp-json\/wp\/v2\/pages"}],"about":[{"href":"https:\/\/caravanbigband.de\/index.php\/wp-json\/wp\/v2\/types\/page"}],"author":[{"embeddable":true,"href":"https:\/\/caravanbigband.de\/index.php\/wp-json\/wp\/v2\/users\/2"}],"replies":[{"embeddable":true,"href":"https:\/\/caravanbigband.de\/index.php\/wp-json\/wp\/v2\/comments?post=488"}],"version-history":[{"count":29,"href":"https:\/\/caravanbigband.de\/index.php\/wp-json\/wp\/v2\/pages\/488\/revisions"}],"predecessor-version":[{"id":1667,"href":"https:\/\/caravanbigband.de\/index.php\/wp-json\/wp\/v2\/pages\/488\/revisions\/1667"}],"wp:attachment":[{"href":"https:\/\/caravanbigband.de\/index.php\/wp-json\/wp\/v2\/media?parent=488"}],"curies":[{"name":"wp","href":"https:\/\/api.w.org\/{rel}","templated":true}]}}